{"id":39,"date":"2023-08-29T10:07:58","date_gmt":"2023-08-29T08:07:58","guid":{"rendered":"https:\/\/crow-n.com\/?page_id=39"},"modified":"2023-09-01T09:55:23","modified_gmt":"2023-09-01T07:55:23","slug":"a-propos","status":"publish","type":"page","link":"https:\/\/crow-n.com\/index.php\/a-propos\/","title":{"rendered":"\u00c0 propos"},"content":{"rendered":"\n<p>Suite au t\u00e9l\u00e9travail et \u00e0 l\u2019augmentation du nombre d\u2019heures pass\u00e9es assis au bureau sur des si\u00e8ges pas toujours adapt\u00e9s j\u2019ai r\u00e9alis\u00e9 un coussin ergonomique personnalis\u00e9 qui am\u00e9liore nettement la posture assise et soulage les douleurs du dos.<\/p>\n\n\n\n<p>En tant que kin\u00e9sith\u00e9rapeute \u2013 podologue \u2013 posturologue, apr\u00e8s avoir finalis\u00e9 un D.U. \u00e0 l\u2019Universit\u00e9 de Reims en Ergonomie et en posture, j\u2019ai adapt\u00e9 la technologie que j\u2019utilise depuis des ann\u00e9es dans la fabrication de semelles (scanner 3D \u2013 Nappes de capteurs \u2013 Machine \u00e0 commande num\u00e9rique) pour r\u00e9aliser des \u00ab&nbsp;semelles de Fesses&nbsp;\u00bb.<\/p>\n\n\n\n<p>Nous testons le projet depuis quelques temps en consultation posturale. L\u2019objectif est de solutionner une partie des lombalgies chroniques d\u00fb \u00e0 de mauvaises postures personnelles.<\/p>\n\n\n\n<p>L\u2019analyse pr\u00e9alable sur une nappe de capteurs permet d\u2019objectiver les d\u00e9fauts d\u2019assises qui sont am\u00e9lior\u00e9s gr\u00e2ce au coussin ergonomique personnalis\u00e9 \u00ab\u00a0Mon Coussin Ergo\u00a0\u00bb.<\/p>\n","protected":false},"excerpt":{"rendered":"<p>Suite au t\u00e9l\u00e9travail et \u00e0 l\u2019augmentation du nombre d\u2019heures pass\u00e9es assis au bureau sur des si\u00e8ges pas toujours adapt\u00e9s j\u2019ai r\u00e9alis\u00e9 un coussin ergonomique personnalis\u00e9 qui am\u00e9liore nettement la posture assise et soulage les douleurs du dos. En tant que kin\u00e9sith\u00e9rapeute \u2013 podologue \u2013 posturologue, apr\u00e8s avoir finalis\u00e9 un D.U. \u00e0 l\u2019Universit\u00e9 de Reims en [&hellip;]<\/p>\n","protected":false},"author":1,"featured_media":0,"parent":0,"menu_order":0,"comment_status":"closed","ping_status":"closed","template":"","meta":{"footnotes":""},"class_list":["post-39","page","type-page","status-publish","hentry"],"_links":{"self":[{"href":"https:\/\/crow-n.com\/index.php\/wp-json\/wp\/v2\/pages\/39","targetHints":{"allow":["GET"]}}],"collection":[{"href":"https:\/\/crow-n.com\/index.php\/wp-json\/wp\/v2\/pages"}],"about":[{"href":"https:\/\/crow-n.com\/index.php\/wp-json\/wp\/v2\/types\/page"}],"author":[{"embeddable":true,"href":"https:\/\/crow-n.com\/index.php\/wp-json\/wp\/v2\/users\/1"}],"replies":[{"embeddable":true,"href":"https:\/\/crow-n.com\/index.php\/wp-json\/wp\/v2\/comments?post=39"}],"version-history":[{"count":3,"href":"https:\/\/crow-n.com\/index.php\/wp-json\/wp\/v2\/pages\/39\/revisions"}],"predecessor-version":[{"id":182,"href":"https:\/\/crow-n.com\/index.php\/wp-json\/wp\/v2\/pages\/39\/revisions\/182"}],"wp:attachment":[{"href":"https:\/\/crow-n.com\/index.php\/wp-json\/wp\/v2\/media?parent=39"}],"curies":[{"name":"wp","href":"https:\/\/api.w.org\/{rel}","templated":true}]}}